{"id":6881,"date":"2023-05-03T17:41:37","date_gmt":"2023-05-03T21:41:37","guid":{"rendered":"https:\/\/climateengagement.ca\/?page_id=6881"},"modified":"2023-05-03T22:57:09","modified_gmt":"2023-05-04T02:57:09","slug":"indice-de-reference-net-zero-engagement-climatique-canada","status":"publish","type":"page","link":"https:\/\/climateengagement.ca\/fr\/indice-de-reference-net-zero-engagement-climatique-canada\/","title":{"rendered":"L\u2019Indice de r\u00e9f\u00e9rence net z\u00e9ro d\u2019Engagement Climatique Canada"},"content":{"rendered":"\t\t<div data-elementor-type=\"wp-page\" data-elementor-id=\"6881\" class=\"elementor elementor-6881 elementor-6825\" data-elementor-post-type=\"page\">\n\t\t\t\t\t\t<section class=\"elementor-section elementor-top-section elementor-element elementor-element-9eaa25f elementor-section-content-middle elementor-section-boxed elementor-section-height-default elementor-section-height-default\" data-id=\"9eaa25f\" data-element_type=\"section\" data-e-type=\"section\" data-settings=\"{&quot;background_background&quot;:&quot;classic&quot;,&quot;jet_parallax_layout_list&quot;:[]}\">\n\t\t\t\t\t\t\t<div class=\"elementor-background-overlay\"><\/div>\n\t\t\t\t\t\t\t<div class=\"elementor-container elementor-column-gap-no\">\n\t\t\t\t\t<div class=\"elementor-column elementor-col-100 elementor-top-column elementor-element elementor-element-62afab7 elementor-invisible\" data-id=\"62afab7\" data-element_type=\"column\" data-e-type=\"column\" data-settings=\"{&quot;animation&quot;:&quot;fadeIn&quot;}\">\n\t\t\t<div class=\"elementor-widget-wrap elementor-element-populated\">\n\t\t\t\t\t\t<section class=\"elementor-section elementor-inner-section elementor-element elementor-element-7cb576a elementor-section-boxed elementor-section-height-default elementor-section-height-default\" data-id=\"7cb576a\" data-element_type=\"section\" data-e-type=\"section\" data-settings=\"{&quot;jet_parallax_layout_list&quot;:[]}\">\n\t\t\t\t\t\t<div class=\"elementor-container elementor-column-gap-default\">\n\t\t\t\t\t<div class=\"elementor-column elementor-col-100 elementor-inner-column elementor-element elementor-element-1db013d\" data-id=\"1db013d\" data-element_type=\"column\" data-e-type=\"column\">\n\t\t\t<div class=\"elementor-widget-wrap elementor-element-populated\">\n\t\t\t\t\t\t<div class=\"elementor-element elementor-element-da4d2a9 elementor-widget elementor-widget-heading\" data-id=\"da4d2a9\" data-element_type=\"widget\" data-e-type=\"widget\" data-widget_type=\"heading.default\">\n\t\t\t\t<div class=\"elementor-widget-container\">\n\t\t\t\t\t<h3 class=\"elementor-heading-title elementor-size-default\">L\u2019Indice de r\u00e9f\u00e9rence net z\u00e9ro d\u2019ECC<\/h3>\t\t\t\t<\/div>\n\t\t\t\t<\/div>\n\t\t\t\t<div class=\"elementor-element elementor-element-b4237f3 elementor-widget elementor-widget-heading\" data-id=\"b4237f3\" data-element_type=\"widget\" data-e-type=\"widget\" data-widget_type=\"heading.default\">\n\t\t\t\t<div class=\"elementor-widget-container\">\n\t\t\t\t\t<p class=\"elementor-heading-title elementor-size-medium\">\u00c9valuation des plus grands \u00e9metteurs de gaz \u00e0 effet de serre du Canada sur leur transition vers z\u00e9ro \u00e9mission nette<\/p>\t\t\t\t<\/div>\n\t\t\t\t<\/div>\n\t\t\t\t\t<\/div>\n\t\t<\/div>\n\t\t\t\t\t<\/div>\n\t\t<\/section>\n\t\t\t\t<div class=\"elementor-element elementor-element-094d9d1 elementor-widget elementor-widget-spacer\" data-id=\"094d9d1\" data-element_type=\"widget\" data-e-type=\"widget\" data-widget_type=\"spacer.default\">\n\t\t\t\t<div class=\"elementor-widget-container\">\n\t\t\t\t\t\t\t<div class=\"elementor-spacer\">\n\t\t\t<div class=\"elementor-spacer-inner\"><\/div>\n\t\t<\/div>\n\t\t\t\t\t\t<\/div>\n\t\t\t\t<\/div>\n\t\t\t\t<section class=\"elementor-section elementor-inner-section elementor-element elementor-element-30c822e elementor-section-boxed elementor-section-height-default elementor-section-height-default\" data-id=\"30c822e\" data-element_type=\"section\" data-e-type=\"section\" data-settings=\"{&quot;jet_parallax_layout_list&quot;:[]}\">\n\t\t\t\t\t\t<div class=\"elementor-container elementor-column-gap-default\">\n\t\t\t\t\t<div class=\"elementor-column elementor-col-100 elementor-inner-column elementor-element elementor-element-c65ad13\" data-id=\"c65ad13\" data-element_type=\"column\" data-e-type=\"column\">\n\t\t\t<div class=\"elementor-widget-wrap elementor-element-populated\">\n\t\t\t\t\t\t<div class=\"elementor-element elementor-element-1393425 elementor-widget elementor-widget-spacer\" data-id=\"1393425\" data-element_type=\"widget\" data-e-type=\"widget\" data-widget_type=\"spacer.default\">\n\t\t\t\t<div class=\"elementor-widget-container\">\n\t\t\t\t\t\t\t<div class=\"elementor-spacer\">\n\t\t\t<div class=\"elementor-spacer-inner\"><\/div>\n\t\t<\/div>\n\t\t\t\t\t\t<\/div>\n\t\t\t\t<\/div>\n\t\t\t\t<div class=\"elementor-element elementor-element-4352cdc elementor-widget elementor-widget-text-editor\" data-id=\"4352cdc\" data-element_type=\"widget\" data-e-type=\"widget\" data-widget_type=\"text-editor.default\">\n\t\t\t\t<div class=\"elementor-widget-container\">\n\t\t\t\t\t\t\t\t\t<p><span style=\"font-weight: 400;\">Engagement climatique Canada \u00e9valuera les engagements et les performances des entreprises de la <\/span><a href=\"https:\/\/climateengagement.ca\/fr\/liste-des-priorites-des-entreprises\/\"><span style=\"font-weight: 400;\">Liste des priorit\u00e9s des entreprises<\/span><\/a><span style=\"font-weight: 400;\"> par rapport \u00e0 son cadre d&rsquo;engagement, ainsi qu&rsquo;\u00e0 ceux de leurs pairs de l&rsquo;industrie. L\u2019Indice de r\u00e9f\u00e9rence sera utile aux participants d\u2019ECC\u00a0 lorsqu&rsquo;ils s&rsquo;engageront avec les entreprises afin de fournir un cadre clair et coh\u00e9rent pour le dialogue et pour fixer les objectifs de l&rsquo;engagement. Les participants peuvent utiliser les informations d\u2019Indice de r\u00e9f\u00e9rence pour mettre en \u00e9vidence les domaines de discussion et les moyens d&rsquo;am\u00e9liorer les pratiques des entreprises de la Liste des priorit\u00e9s des entreprises.<\/span><\/p>\n\t\t\t\t\t\t\t\t<\/div>\n\t\t\t\t<\/div>\n\t\t\t\t\t<\/div>\n\t\t<\/div>\n\t\t\t\t\t<\/div>\n\t\t<\/section>\n\t\t\t\t<section class=\"elementor-section elementor-inner-section elementor-element elementor-element-b119cc8 elementor-section-boxed elementor-section-height-default elementor-section-height-default\" data-id=\"b119cc8\" data-element_type=\"section\" data-e-type=\"section\" data-settings=\"{&quot;jet_parallax_layout_list&quot;:[]}\">\n\t\t\t\t\t\t<div class=\"elementor-container elementor-column-gap-default\">\n\t\t\t\t\t<div class=\"elementor-column elementor-col-100 elementor-inner-column elementor-element elementor-element-f5899ed\" data-id=\"f5899ed\" data-element_type=\"column\" data-e-type=\"column\">\n\t\t\t<div class=\"elementor-widget-wrap elementor-element-populated\">\n\t\t\t\t\t\t<div class=\"elementor-element elementor-element-f8bb705 elementor-align-center elementor-widget elementor-widget-button\" data-id=\"f8bb705\" data-element_type=\"widget\" data-e-type=\"widget\" data-widget_type=\"button.default\">\n\t\t\t\t<div class=\"elementor-widget-container\">\n\t\t\t\t\t\t\t\t\t<div class=\"elementor-button-wrapper\">\n\t\t\t\t\t<a class=\"elementor-button elementor-button-link elementor-size-sm\" href=\"https:\/\/climateengagement.ca\/mp-files\/cec-net-zero-benchmark-fr.pdf\/\">\n\t\t\t\t\t\t<span class=\"elementor-button-content-wrapper\">\n\t\t\t\t\t\t\t\t\t<span class=\"elementor-button-text\">T\u00e9l\u00e9charger l\u2019Indice de r\u00e9f\u00e9rence<\/span>\n\t\t\t\t\t<\/span>\n\t\t\t\t\t<\/a>\n\t\t\t\t<\/div>\n\t\t\t\t\t\t\t\t<\/div>\n\t\t\t\t<\/div>\n\t\t\t\t\t<\/div>\n\t\t<\/div>\n\t\t\t\t\t<\/div>\n\t\t<\/section>\n\t\t\t\t<div class=\"elementor-element elementor-element-1519125 elementor-widget elementor-widget-spacer\" data-id=\"1519125\" data-element_type=\"widget\" data-e-type=\"widget\" data-widget_type=\"spacer.default\">\n\t\t\t\t<div class=\"elementor-widget-container\">\n\t\t\t\t\t\t\t<div class=\"elementor-spacer\">\n\t\t\t<div class=\"elementor-spacer-inner\"><\/div>\n\t\t<\/div>\n\t\t\t\t\t\t<\/div>\n\t\t\t\t<\/div>\n\t\t\t\t<div class=\"elementor-element elementor-element-cc8e4c4 elementor-widget elementor-widget-spacer\" data-id=\"cc8e4c4\" data-element_type=\"widget\" data-e-type=\"widget\" data-widget_type=\"spacer.default\">\n\t\t\t\t<div class=\"elementor-widget-container\">\n\t\t\t\t\t\t\t<div class=\"elementor-spacer\">\n\t\t\t<div class=\"elementor-spacer-inner\"><\/div>\n\t\t<\/div>\n\t\t\t\t\t\t<\/div>\n\t\t\t\t<\/div>\n\t\t\t\t\t<\/div>\n\t\t<\/div>\n\t\t\t\t\t<\/div>\n\t\t<\/section>\n\t\t\t\t<section class=\"elementor-section elementor-top-section elementor-element elementor-element-29aed1c elementor-section-content-middle elementor-section-boxed elementor-section-height-default elementor-section-height-default\" data-id=\"29aed1c\" data-element_type=\"section\" data-e-type=\"section\" data-settings=\"{&quot;background_background&quot;:&quot;classic&quot;,&quot;jet_parallax_layout_list&quot;:[]}\">\n\t\t\t\t\t\t\t<div class=\"elementor-background-overlay\"><\/div>\n\t\t\t\t\t\t\t<div class=\"elementor-container elementor-column-gap-no\">\n\t\t\t\t\t<div class=\"elementor-column elementor-col-100 elementor-top-column elementor-element elementor-element-c1496a0 elementor-invisible\" data-id=\"c1496a0\" data-element_type=\"column\" data-e-type=\"column\" data-settings=\"{&quot;animation&quot;:&quot;fadeIn&quot;,&quot;background_background&quot;:&quot;classic&quot;}\">\n\t\t\t<div class=\"elementor-widget-wrap elementor-element-populated\">\n\t\t\t\t\t\t<div class=\"elementor-element elementor-element-949f1cd elementor-widget elementor-widget-spacer\" data-id=\"949f1cd\" data-element_type=\"widget\" data-e-type=\"widget\" data-widget_type=\"spacer.default\">\n\t\t\t\t<div class=\"elementor-widget-container\">\n\t\t\t\t\t\t\t<div class=\"elementor-spacer\">\n\t\t\t<div class=\"elementor-spacer-inner\"><\/div>\n\t\t<\/div>\n\t\t\t\t\t\t<\/div>\n\t\t\t\t<\/div>\n\t\t\t\t<section class=\"elementor-section elementor-inner-section elementor-element elementor-element-9ce439b elementor-section-full_width elementor-section-height-default elementor-section-height-default\" data-id=\"9ce439b\" data-element_type=\"section\" data-e-type=\"section\" data-settings=\"{&quot;jet_parallax_layout_list&quot;:[]}\">\n\t\t\t\t\t\t<div class=\"elementor-container elementor-column-gap-default\">\n\t\t\t\t\t<div class=\"elementor-column elementor-col-50 elementor-inner-column elementor-element elementor-element-3b3c6eb\" data-id=\"3b3c6eb\" data-element_type=\"column\" data-e-type=\"column\">\n\t\t\t<div class=\"elementor-widget-wrap elementor-element-populated\">\n\t\t\t\t\t\t<div class=\"elementor-element elementor-element-aee71fb elementor-widget elementor-widget-heading\" data-id=\"aee71fb\" data-element_type=\"widget\" data-e-type=\"widget\" data-widget_type=\"heading.default\">\n\t\t\t\t<div class=\"elementor-widget-container\">\n\t\t\t\t\t<h2 class=\"elementor-heading-title elementor-size-default\">\u00c9valuer et promouvoir l'action des entreprises en faveur du climat<\/h2>\t\t\t\t<\/div>\n\t\t\t\t<\/div>\n\t\t\t\t<div class=\"elementor-element elementor-element-93c286e elementor-widget elementor-widget-text-editor\" data-id=\"93c286e\" data-element_type=\"widget\" data-e-type=\"widget\" data-widget_type=\"text-editor.default\">\n\t\t\t\t<div class=\"elementor-widget-container\">\n\t\t\t\t\t\t\t\t\t<p><span style=\"font-weight: 400;\">L\u2019Indice de r\u00e9f\u00e9rence net z\u00e9ro d\u2019ECC fournit un ensemble de normes communes permettant aux investisseurs d\u2019\u00e9valuer les progr\u00e8s r\u00e9alis\u00e9s par les entreprises \u00e9mettrices pour s\u2019aligner sur l\u2019ambition de l\u2019Accord de Paris\u00a0: limiter le r\u00e9chauffement climatique \u00e0 bien moins de 2\u00a0\u00b0C, tout en poursuivant les efforts visant \u00e0 limiter l\u2019augmentation de la temp\u00e9rature globale \u00e0 1,5\u00a0\u00b0C. L\u2019Indice de r\u00e9f\u00e9rence permet aux investisseurs participants d\u2019ECC d\u2019encadrer, et bient\u00f4t de mesurer, leurs engagements avec les principaux \u00e9metteurs du Canada, y compris les entreprises \u00e9mettrices. Gr\u00e2ce \u00e0 ce cadre, les investisseurs participants peuvent identifier les domaines \u00e0 aborder avec les entreprises de la <\/span><a href=\"https:\/\/climateengagement.ca\/fr\/liste-des-priorites-des-entreprises\/\"><b>Liste des priorit\u00e9s d\u2019ECC<\/b><\/a><span style=\"font-weight: 400;\"> et les domaines \u00e0 am\u00e9liorer dans le cadre de leur transition vers une \u00e9conomie \u00e0 z\u00e9ro \u00e9mission nette. <\/span><\/p>\n\t\t\t\t\t\t\t\t<\/div>\n\t\t\t\t<\/div>\n\t\t\t\t\t<\/div>\n\t\t<\/div>\n\t\t\t\t<div class=\"elementor-column elementor-col-50 elementor-inner-column elementor-element elementor-element-16f53e0\" data-id=\"16f53e0\" data-element_type=\"column\" data-e-type=\"column\">\n\t\t\t<div class=\"elementor-widget-wrap elementor-element-populated\">\n\t\t\t\t\t\t<div class=\"elementor-element elementor-element-ddd14e7 elementor-widget elementor-widget-image\" data-id=\"ddd14e7\" data-element_type=\"widget\" data-e-type=\"widget\" data-widget_type=\"image.default\">\n\t\t\t\t<div class=\"elementor-widget-container\">\n\t\t\t\t\t\t\t\t\t\t\t\t\t\t\t<img fetchpriority=\"high\" decoding=\"async\" width=\"1024\" height=\"768\" src=\"https:\/\/climateengagement.ca\/wp-content\/uploads\/2023\/05\/tobias-negele-w_bqxBzYvDs-unsplash-1024x768.jpg\" class=\"attachment-large size-large wp-image-6851\" alt=\"\" srcset=\"https:\/\/climateengagement.ca\/wp-content\/uploads\/2023\/05\/tobias-negele-w_bqxBzYvDs-unsplash-1024x768.jpg 1024w, https:\/\/climateengagement.ca\/wp-content\/uploads\/2023\/05\/tobias-negele-w_bqxBzYvDs-unsplash-300x225.jpg 300w, https:\/\/climateengagement.ca\/wp-content\/uploads\/2023\/05\/tobias-negele-w_bqxBzYvDs-unsplash-768x576.jpg 768w, https:\/\/climateengagement.ca\/wp-content\/uploads\/2023\/05\/tobias-negele-w_bqxBzYvDs-unsplash-1536x1152.jpg 1536w, https:\/\/climateengagement.ca\/wp-content\/uploads\/2023\/05\/tobias-negele-w_bqxBzYvDs-unsplash-2048x1536.jpg 2048w\" sizes=\"(max-width: 1024px) 100vw, 1024px\" \/>\t\t\t\t\t\t\t\t\t\t\t\t\t\t\t<\/div>\n\t\t\t\t<\/div>\n\t\t\t\t\t<\/div>\n\t\t<\/div>\n\t\t\t\t\t<\/div>\n\t\t<\/section>\n\t\t\t\t<div class=\"elementor-element elementor-element-fcda27c elementor-widget elementor-widget-spacer\" data-id=\"fcda27c\" data-element_type=\"widget\" data-e-type=\"widget\" data-widget_type=\"spacer.default\">\n\t\t\t\t<div class=\"elementor-widget-container\">\n\t\t\t\t\t\t\t<div class=\"elementor-spacer\">\n\t\t\t<div class=\"elementor-spacer-inner\"><\/div>\n\t\t<\/div>\n\t\t\t\t\t\t<\/div>\n\t\t\t\t<\/div>\n\t\t\t\t<section class=\"elementor-section elementor-inner-section elementor-element elementor-element-d925409 elementor-section-boxed elementor-section-height-default elementor-section-height-default\" data-id=\"d925409\" data-element_type=\"section\" data-e-type=\"section\" data-settings=\"{&quot;jet_parallax_layout_list&quot;:[]}\">\n\t\t\t\t\t\t<div class=\"elementor-container elementor-column-gap-default\">\n\t\t\t\t\t<div class=\"elementor-column elementor-col-50 elementor-inner-column elementor-element elementor-element-2e49ee2\" data-id=\"2e49ee2\" data-element_type=\"column\" data-e-type=\"column\">\n\t\t\t<div class=\"elementor-widget-wrap elementor-element-populated\">\n\t\t\t\t\t\t<div class=\"elementor-element elementor-element-ddc868d elementor-widget elementor-widget-image\" data-id=\"ddc868d\" data-element_type=\"widget\" data-e-type=\"widget\" data-widget_type=\"image.default\">\n\t\t\t\t<div class=\"elementor-widget-container\">\n\t\t\t\t\t\t\t\t\t\t\t\t\t\t\t<img decoding=\"async\" width=\"1000\" height=\"750\" src=\"https:\/\/climateengagement.ca\/wp-content\/uploads\/2023\/05\/CEC-Photo-River-Hillside.png\" class=\"attachment-large size-large wp-image-6863\" alt=\"\" srcset=\"https:\/\/climateengagement.ca\/wp-content\/uploads\/2023\/05\/CEC-Photo-River-Hillside.png 1000w, https:\/\/climateengagement.ca\/wp-content\/uploads\/2023\/05\/CEC-Photo-River-Hillside-300x225.png 300w, https:\/\/climateengagement.ca\/wp-content\/uploads\/2023\/05\/CEC-Photo-River-Hillside-768x576.png 768w\" sizes=\"(max-width: 1000px) 100vw, 1000px\" \/>\t\t\t\t\t\t\t\t\t\t\t\t\t\t\t<\/div>\n\t\t\t\t<\/div>\n\t\t\t\t\t<\/div>\n\t\t<\/div>\n\t\t\t\t<div class=\"elementor-column elementor-col-50 elementor-inner-column elementor-element elementor-element-26507e0\" data-id=\"26507e0\" data-element_type=\"column\" data-e-type=\"column\">\n\t\t\t<div class=\"elementor-widget-wrap elementor-element-populated\">\n\t\t\t\t\t\t<div class=\"elementor-element elementor-element-20d157c elementor-widget elementor-widget-heading\" data-id=\"20d157c\" data-element_type=\"widget\" data-e-type=\"widget\" data-widget_type=\"heading.default\">\n\t\t\t\t<div class=\"elementor-widget-container\">\n\t\t\t\t\t<h2 class=\"elementor-heading-title elementor-size-default\">Le d\u00e9veloppement de l\u2019Indice de r\u00e9f\u00e9rence net z\u00e9ro d\u2019ECC<\/h2>\t\t\t\t<\/div>\n\t\t\t\t<\/div>\n\t\t\t\t<div class=\"elementor-element elementor-element-d03d284 elementor-widget elementor-widget-text-editor\" data-id=\"d03d284\" data-element_type=\"widget\" data-e-type=\"widget\" data-widget_type=\"text-editor.default\">\n\t\t\t\t<div class=\"elementor-widget-container\">\n\t\t\t\t\t\t\t\t\t<p><span style=\"font-weight: 400;\">L\u2019Indice de r\u00e9f\u00e9rence net z\u00e9ro d\u2019ECC est \u00e9troitement align\u00e9 sur l\u2019Indice de r\u00e9f\u00e9rence \u00e9labor\u00e9 par Action climat 100+, la norme mondiale actuelle en mati\u00e8re d\u2019engagement collaboratif des actionnaires. L\u2019Indice de r\u00e9f\u00e9rence net z\u00e9ro d\u2019ECC suit cet exemple tout en ajoutant un contexte suppl\u00e9mentaire sp\u00e9cifique \u00e0 l\u2019\u00e9conomie unique du Canada, d\u00e9velopp\u00e9 gr\u00e2ce \u00e0 l\u2019expertise du comit\u00e9 technique d\u2019ECC et de SHARE. Il a \u00e9t\u00e9 affin\u00e9 en int\u00e9grant les commentaires issus d\u2019une p\u00e9riode de consultation publique, \u00e0 laquelle ont particip\u00e9 les investisseurs participants d\u2019ECC, dont certains des plus grands gestionnaires d\u2019actifs et propri\u00e9taires d\u2019actifs du Canada, de m\u00eame que des ONG et des repr\u00e9sentants autochtones. <\/span><\/p>\n\t\t\t\t\t\t\t\t<\/div>\n\t\t\t\t<\/div>\n\t\t\t\t\t<\/div>\n\t\t<\/div>\n\t\t\t\t\t<\/div>\n\t\t<\/section>\n\t\t\t\t<div class=\"elementor-element elementor-element-6a4739b elementor-widget elementor-widget-spacer\" data-id=\"6a4739b\" data-element_type=\"widget\" data-e-type=\"widget\" data-widget_type=\"spacer.default\">\n\t\t\t\t<div class=\"elementor-widget-container\">\n\t\t\t\t\t\t\t<div class=\"elementor-spacer\">\n\t\t\t<div class=\"elementor-spacer-inner\"><\/div>\n\t\t<\/div>\n\t\t\t\t\t\t<\/div>\n\t\t\t\t<\/div>\n\t\t\t\t<div class=\"elementor-element elementor-element-c9a372f elementor-widget elementor-widget-text-editor\" data-id=\"c9a372f\" data-element_type=\"widget\" data-e-type=\"widget\" data-widget_type=\"text-editor.default\">\n\t\t\t\t<div class=\"elementor-widget-container\">\n\t\t\t\t\t\t\t\t\t<p><b>Prochaines \u00e9tapes :<\/b><span style=\"font-weight: 400;\"> \u00c0 l\u2019automne, les investisseurs peuvent s\u2019attendre \u00e0 voir des \u00e9valuations de toutes les entreprises de la Liste des priorit\u00e9s d\u2019ECC bas\u00e9e sur l\u2019Indice de r\u00e9f\u00e9rence net z\u00e9ro d\u2019ECC, mettant en \u00e9vidence les points forts et les points \u00e0 am\u00e9liorer. Cela aidera \u00e0 d\u00e9finir les objectifs des futurs engagements climatiques. <\/span><\/p>\n\t\t\t\t\t\t\t\t<\/div>\n\t\t\t\t<\/div>\n\t\t\t\t<div class=\"elementor-element elementor-element-cfaf33a elementor-widget elementor-widget-spacer\" data-id=\"cfaf33a\" data-element_type=\"widget\" data-e-type=\"widget\" data-widget_type=\"spacer.default\">\n\t\t\t\t<div class=\"elementor-widget-container\">\n\t\t\t\t\t\t\t<div class=\"elementor-spacer\">\n\t\t\t<div class=\"elementor-spacer-inner\"><\/div>\n\t\t<\/div>\n\t\t\t\t\t\t<\/div>\n\t\t\t\t<\/div>\n\t\t\t\t\t<\/div>\n\t\t<\/div>\n\t\t\t\t\t<\/div>\n\t\t<\/section>\n\t\t\t\t<\/div>\n\t\t","protected":false},"excerpt":{"rendered":"<p>L\u2019Indice de r\u00e9f\u00e9rence net z\u00e9ro d\u2019ECC \u00c9valuation des plus grands \u00e9metteurs de gaz \u00e0 effet de serre du Canada sur leur transition vers z\u00e9ro \u00e9mission nette Engagement climatique Canada \u00e9valuera les engagements et les performances des entreprises de la Liste des priorit\u00e9s des entreprises par rapport \u00e0 son cadre d&rsquo;engagement, ainsi qu&rsquo;\u00e0 ceux de leurs [&hellip;]<\/p>\n","protected":false},"author":1,"featured_media":3310,"parent":0,"menu_order":0,"comment_status":"closed","ping_status":"closed","template":"","meta":{"inline_featured_image":false,"site-sidebar-layout":"no-sidebar","site-content-layout":"page-builder","ast-site-content-layout":"default","site-content-style":"default","site-sidebar-style":"default","ast-global-header-display":"","ast-banner-title-visibility":"","ast-main-header-display":"","ast-hfb-above-header-display":"","ast-hfb-below-header-display":"","ast-hfb-mobile-header-display":"","site-post-title":"disabled","ast-breadcrumbs-content":"","ast-featured-img":"disabled","footer-sml-layout":"","ast-disable-related-posts":"","theme-transparent-header-meta":"enabled","adv-header-id-meta":"","stick-header-meta":"","header-above-stick-meta":"","header-main-stick-meta":"","header-below-stick-meta":"","astra-migrate-meta-layouts":"default","ast-page-background-enabled":"default","ast-page-background-meta":{"desktop":{"background-color":"","background-image":"","background-repeat":"repeat","background-position":"center center","background-size":"auto","background-attachment":"scroll","background-type":"","background-media":"","overlay-type":"","overlay-color":"","overlay-opacity":"","overlay-gradient":""},"tablet":{"background-color":"","background-image":"","background-repeat":"repeat","background-position":"center center","background-size":"auto","background-attachment":"scroll","background-type":"","background-media":"","overlay-type":"","overlay-color":"","overlay-opacity":"","overlay-gradient":""},"mobile":{"background-color":"","background-image":"","background-repeat":"repeat","background-position":"center center","background-size":"auto","background-attachment":"scroll","background-type":"","background-media":"","overlay-type":"","overlay-color":"","overlay-opacity":"","overlay-gradient":""}},"ast-content-background-meta":{"desktop":{"background-color":"var(--ast-global-color-5)","background-image":"","background-repeat":"repeat","background-position":"center center","background-size":"auto","background-attachment":"scroll","background-type":"","background-media":"","overlay-type":"","overlay-color":"","overlay-opacity":"","overlay-gradient":""},"tablet":{"background-color":"var(--ast-global-color-5)","background-image":"","background-repeat":"repeat","background-position":"center center","background-size":"auto","background-attachment":"scroll","background-type":"","background-media":"","overlay-type":"","overlay-color":"","overlay-opacity":"","overlay-gradient":""},"mobile":{"background-color":"var(--ast-global-color-5)","background-image":"","background-repeat":"repeat","background-position":"center center","background-size":"auto","background-attachment":"scroll","background-type":"","background-media":"","overlay-type":"","overlay-color":"","overlay-opacity":"","overlay-gradient":""}},"footnotes":""},"class_list":["post-6881","page","type-page","status-publish","has-post-thumbnail","hentry"],"_links":{"self":[{"href":"https:\/\/climateengagement.ca\/fr\/wp-json\/wp\/v2\/pages\/6881","targetHints":{"allow":["GET"]}}],"collection":[{"href":"https:\/\/climateengagement.ca\/fr\/wp-json\/wp\/v2\/pages"}],"about":[{"href":"https:\/\/climateengagement.ca\/fr\/wp-json\/wp\/v2\/types\/page"}],"author":[{"embeddable":true,"href":"https:\/\/climateengagement.ca\/fr\/wp-json\/wp\/v2\/users\/1"}],"replies":[{"embeddable":true,"href":"https:\/\/climateengagement.ca\/fr\/wp-json\/wp\/v2\/comments?post=6881"}],"version-history":[{"count":0,"href":"https:\/\/climateengagement.ca\/fr\/wp-json\/wp\/v2\/pages\/6881\/revisions"}],"wp:featuredmedia":[{"embeddable":true,"href":"https:\/\/climateengagement.ca\/fr\/wp-json\/wp\/v2\/media\/3310"}],"wp:attachment":[{"href":"https:\/\/climateengagement.ca\/fr\/wp-json\/wp\/v2\/media?parent=6881"}],"curies":[{"name":"wp","href":"https:\/\/api.w.org\/{rel}","templated":true}]}}