{"id":3267,"date":"2022-06-07T19:54:27","date_gmt":"2022-06-07T19:54:27","guid":{"rendered":"https:\/\/climateengagement.ca\/liste-des-priorites-des-entreprises\/"},"modified":"2023-12-08T19:27:49","modified_gmt":"2023-12-08T23:27:49","slug":"liste-des-priorites-des-entreprises","status":"publish","type":"page","link":"https:\/\/climateengagement.ca\/fr\/liste-des-priorites-des-entreprises\/","title":{"rendered":"Liste des priorit\u00e9s des entreprises"},"content":{"rendered":"\t\t<div data-elementor-type=\"wp-post\" data-elementor-id=\"3267\" class=\"elementor elementor-3267 elementor-3221\" data-elementor-post-type=\"page\">\n\t\t\t\t\t\t<section class=\"elementor-section elementor-top-section elementor-element elementor-element-688ad38 elementor-section-content-middle elementor-section-boxed elementor-section-height-default elementor-section-height-default\" data-id=\"688ad38\" data-element_type=\"section\" data-e-type=\"section\" data-settings=\"{&quot;background_background&quot;:&quot;classic&quot;,&quot;jet_parallax_layout_list&quot;:[]}\">\n\t\t\t\t\t\t\t<div class=\"elementor-background-overlay\"><\/div>\n\t\t\t\t\t\t\t<div class=\"elementor-container elementor-column-gap-no\">\n\t\t\t\t\t<div class=\"elementor-column elementor-col-100 elementor-top-column elementor-element elementor-element-148e58a elementor-invisible\" data-id=\"148e58a\" data-element_type=\"column\" data-e-type=\"column\" data-settings=\"{&quot;animation&quot;:&quot;fadeIn&quot;}\">\n\t\t\t<div class=\"elementor-widget-wrap elementor-element-populated\">\n\t\t\t\t\t\t<div class=\"elementor-element elementor-element-f3e8799 elementor-widget elementor-widget-heading\" data-id=\"f3e8799\" data-element_type=\"widget\" data-e-type=\"widget\" data-widget_type=\"heading.default\">\n\t\t\t\t<div class=\"elementor-widget-container\">\n\t\t\t\t\t<h3 class=\"elementor-heading-title elementor-size-default\">Liste des priorit\u00e9s des entreprises<\/h3>\t\t\t\t<\/div>\n\t\t\t\t<\/div>\n\t\t\t\t<div class=\"elementor-element elementor-element-cfab1c0 elementor-widget elementor-widget-spacer\" data-id=\"cfab1c0\" data-element_type=\"widget\" data-e-type=\"widget\" data-widget_type=\"spacer.default\">\n\t\t\t\t<div class=\"elementor-widget-container\">\n\t\t\t\t\t\t\t<div class=\"elementor-spacer\">\n\t\t\t<div class=\"elementor-spacer-inner\"><\/div>\n\t\t<\/div>\n\t\t\t\t\t\t<\/div>\n\t\t\t\t<\/div>\n\t\t\t\t<div class=\"elementor-element elementor-element-8a5aa31 elementor-widget elementor-widget-heading\" data-id=\"8a5aa31\" data-element_type=\"widget\" data-e-type=\"widget\" data-widget_type=\"heading.default\">\n\t\t\t\t<div class=\"elementor-widget-container\">\n\t\t\t\t\t<h2 class=\"elementor-heading-title elementor-size-default\">L\u2019ECC se concentre sur certaines soci\u00e9t\u00e9s cot\u00e9es \u00e0 la TSX qui sont strat\u00e9giquement engag\u00e9es dans l\u2019alignement des attentes en mati\u00e8re de gouvernance des risques climatiques, de divulgation et de transition vers une \u00e9conomie \u00e0 faibles \u00e9missions de carbone au Canada. Les soci\u00e9t\u00e9s de la liste des priorit\u00e9s des entreprises ont \u00e9t\u00e9 identifi\u00e9es comme les principaux \u00e9metteurs d\u00e9clarants ou estim\u00e9s \u00e0 la Bourse de Toronto (TSX) et\/ou ayant une opportunit\u00e9 significative de contribuer \u00e0 la transition vers un avenir \u00e0 faibles \u00e9missions de carbone et de devenir un leader sectoriel et d'entreprise en mati\u00e8re d'action climatique dans Canada. Ces entreprises op\u00e8rent dans l'ensemble de l'\u00e9conomie canadienne dans les secteurs du p\u00e9trole et du gaz, des services publics, des mines, de l'agriculture et de l'alimentation, des transports, des mat\u00e9riaux, de l'industrie et de la consommation discr\u00e9tionnaire. D\u2019autres entreprises canadiennes (CNRL, Imperial Oil, Suncor et Teck) participent d\u00e9j\u00e0 au programme Climate Action 100+ (CA100+).<\/h2>\t\t\t\t<\/div>\n\t\t\t\t<\/div>\n\t\t\t\t\t<\/div>\n\t\t<\/div>\n\t\t\t\t\t<\/div>\n\t\t<\/section>\n\t\t\t\t<section class=\"elementor-section elementor-top-section elementor-element elementor-element-dfc5a3f elementor-section-height-min-height elementor-section-boxed elementor-section-height-default elementor-section-items-middle\" data-id=\"dfc5a3f\" data-element_type=\"section\" data-e-type=\"section\" data-settings=\"{&quot;jet_parallax_layout_list&quot;:[]}\">\n\t\t\t\t\t\t\t<div class=\"elementor-background-overlay\"><\/div>\n\t\t\t\t\t\t\t<div class=\"elementor-container elementor-column-gap-default\">\n\t\t\t\t\t<div class=\"elementor-column elementor-col-100 elementor-top-column elementor-element elementor-element-9833ed5\" data-id=\"9833ed5\" data-element_type=\"column\" data-e-type=\"column\">\n\t\t\t<div class=\"elementor-widget-wrap\">\n\t\t\t\t\t\t\t<\/div>\n\t\t<\/div>\n\t\t\t\t\t<\/div>\n\t\t<\/section>\n\t\t\t\t<section class=\"elementor-section elementor-top-section elementor-element elementor-element-16b5xjo elementor-section-boxed elementor-section-height-default elementor-section-height-default\" data-id=\"16b5xjo\" data-element_type=\"section\" data-e-type=\"section\" data-settings=\"{&quot;jet_parallax_layout_list&quot;:[]}\">\n\t\t\t\t\t\t<div class=\"elementor-container elementor-column-gap-no\">\n\t\t\t\t\t<div class=\"elementor-column elementor-col-100 elementor-top-column elementor-element elementor-element-089d853\" data-id=\"089d853\" data-element_type=\"column\" data-e-type=\"column\">\n\t\t\t<div class=\"elementor-widget-wrap elementor-element-populated\">\n\t\t\t\t\t\t<div class=\"elementor-element elementor-element-af7f48b elementor-widget elementor-widget-heading\" data-id=\"af7f48b\" data-element_type=\"widget\" data-e-type=\"widget\" data-widget_type=\"heading.default\">\n\t\t\t\t<div class=\"elementor-widget-container\">\n\t\t\t\t\t<h3 class=\"elementor-heading-title elementor-size-default\">La Liste des priorit\u00e9s des entreprises d\u2019ECC\u202f: <\/h3>\t\t\t\t<\/div>\n\t\t\t\t<\/div>\n\t\t\t\t<div class=\"elementor-element elementor-element-05540e1 elementor-widget elementor-widget-spacer\" data-id=\"05540e1\" data-element_type=\"widget\" data-e-type=\"widget\" data-widget_type=\"spacer.default\">\n\t\t\t\t<div class=\"elementor-widget-container\">\n\t\t\t\t\t\t\t<div class=\"elementor-spacer\">\n\t\t\t<div class=\"elementor-spacer-inner\"><\/div>\n\t\t<\/div>\n\t\t\t\t\t\t<\/div>\n\t\t\t\t<\/div>\n\t\t\t\t<div class=\"elementor-element elementor-element-a54f195 elementor-widget elementor-widget-spacer\" data-id=\"a54f195\" data-element_type=\"widget\" data-e-type=\"widget\" data-widget_type=\"spacer.default\">\n\t\t\t\t<div class=\"elementor-widget-container\">\n\t\t\t\t\t\t\t<div class=\"elementor-spacer\">\n\t\t\t<div class=\"elementor-spacer-inner\"><\/div>\n\t\t<\/div>\n\t\t\t\t\t\t<\/div>\n\t\t\t\t<\/div>\n\t\t\t\t<section class=\"elementor-section elementor-inner-section elementor-element elementor-element-32c2b30 elementor-section-boxed elementor-section-height-default elementor-section-height-default\" data-id=\"32c2b30\" data-element_type=\"section\" data-e-type=\"section\" data-settings=\"{&quot;jet_parallax_layout_list&quot;:[]}\">\n\t\t\t\t\t\t<div class=\"elementor-container elementor-column-gap-default\">\n\t\t\t\t\t<div class=\"elementor-column elementor-col-50 elementor-inner-column elementor-element elementor-element-164df9b\" data-id=\"164df9b\" data-element_type=\"column\" data-e-type=\"column\">\n\t\t\t<div class=\"elementor-widget-wrap elementor-element-populated\">\n\t\t\t\t\t\t<div class=\"elementor-element elementor-element-41a7790 elementor-widget elementor-widget-text-editor\" data-id=\"41a7790\" data-element_type=\"widget\" data-e-type=\"widget\" data-widget_type=\"text-editor.default\">\n\t\t\t\t<div class=\"elementor-widget-container\">\n\t\t\t\t\t\t\t\t\t<p><strong>P\u00e9trole et gaz | \u00c9nergie (29 % des soci\u00e9t\u00e9s cibl\u00e9es) :<\/strong> Cenovus Energy Inc. ; Soci\u00e9t\u00e9 de pipelines Pembina; Crescent Point Energy Corp.; MEG Energy Corp.; Keyera Corp.; Tourmaline Oil Corp.; Ressources Whitecap Inc. ; Vermilion \u00c9nergie Inc. ; Enerplus Corp.; et ARC Resources Ltd.; Enbridge.; TC \u00c9nergie.<\/p>\t\t\t\t\t\t\t\t<\/div>\n\t\t\t\t<\/div>\n\t\t\t\t\t<\/div>\n\t\t<\/div>\n\t\t\t\t<div class=\"elementor-column elementor-col-50 elementor-inner-column elementor-element elementor-element-eb6f639\" data-id=\"eb6f639\" data-element_type=\"column\" data-e-type=\"column\">\n\t\t\t<div class=\"elementor-widget-wrap elementor-element-populated\">\n\t\t\t\t\t\t<div class=\"elementor-element elementor-element-03c1781 elementor-widget elementor-widget-text-editor\" data-id=\"03c1781\" data-element_type=\"widget\" data-e-type=\"widget\" data-widget_type=\"text-editor.default\">\n\t\t\t\t<div class=\"elementor-widget-container\">\n\t\t\t\t\t\t\t\t\t<p><strong>Services publics| Services publics (20 % des soci\u00e9t\u00e9s cibl\u00e9es) : <\/strong>Emera Inc. ; TransAlta Corp.; Fortis Inc. ; Capital Power Corp.; Atco Lt\u00e9e; Partenaires d&rsquo;infrastructure Brookfield ; AltaGas Lt\u00e9e; et Sup\u00e9rieur Plus Corp.<\/p>\t\t\t\t\t\t\t\t<\/div>\n\t\t\t\t<\/div>\n\t\t\t\t\t<\/div>\n\t\t<\/div>\n\t\t\t\t\t<\/div>\n\t\t<\/section>\n\t\t\t\t<section class=\"elementor-section elementor-inner-section elementor-element elementor-element-bf5915c elementor-section-boxed elementor-section-height-default elementor-section-height-default\" data-id=\"bf5915c\" data-element_type=\"section\" data-e-type=\"section\" data-settings=\"{&quot;jet_parallax_layout_list&quot;:[]}\">\n\t\t\t\t\t\t<div class=\"elementor-container elementor-column-gap-default\">\n\t\t\t\t\t<div class=\"elementor-column elementor-col-50 elementor-inner-column elementor-element elementor-element-004f11c\" data-id=\"004f11c\" data-element_type=\"column\" data-e-type=\"column\">\n\t\t\t<div class=\"elementor-widget-wrap elementor-element-populated\">\n\t\t\t\t\t\t<div class=\"elementor-element elementor-element-371cad1 elementor-widget elementor-widget-text-editor\" data-id=\"371cad1\" data-element_type=\"widget\" data-e-type=\"widget\" data-widget_type=\"text-editor.default\">\n\t\t\t\t<div class=\"elementor-widget-container\">\n\t\t\t\t\t\t\t\t\t<p><strong>Exploitation mini\u00e8re | <\/strong>Mat\u00e9riaux (17 % des soci\u00e9t\u00e9s cibl\u00e9es) : Nutrien Ltd.; Soci\u00e9t\u00e9 aurif\u00e8re Barrick; First Quantum Minerals Ltd.; Kinross Gold Corp.; Lundin Mining Corp.; B2Gold Corp.; et Hudbay Min\u00e9raux.<\/p>\t\t\t\t\t\t\t\t<\/div>\n\t\t\t\t<\/div>\n\t\t\t\t\t<\/div>\n\t\t<\/div>\n\t\t\t\t<div class=\"elementor-column elementor-col-50 elementor-inner-column elementor-element elementor-element-80cc196\" data-id=\"80cc196\" data-element_type=\"column\" data-e-type=\"column\">\n\t\t\t<div class=\"elementor-widget-wrap elementor-element-populated\">\n\t\t\t\t\t\t<div class=\"elementor-element elementor-element-533089c elementor-widget elementor-widget-text-editor\" data-id=\"533089c\" data-element_type=\"widget\" data-e-type=\"widget\" data-widget_type=\"text-editor.default\">\n\t\t\t\t<div class=\"elementor-widget-container\">\n\t\t\t\t\t\t\t\t\t<p><strong><span class=\"TextRun MacChromeBold SCXW204550241 BCX0\" lang=\"FR\" xml:lang=\"FR\" data-contrast=\"auto\"><span class=\"NormalTextRun SCXW204550241 BCX0\">Agriculture et alimentation | Biens de consommation de base (12 \u202f% des entreprises de la liste des priorit\u00e9s)\u202f:<\/span><\/span><\/strong><span class=\"TextRun SCXW204550241 BCX0\" lang=\"FR\" xml:lang=\"FR\" data-contrast=\"auto\"><span class=\"NormalTextRun SCXW204550241 BCX0\"> Alimentation Couche-Tard Inc.; Saputo inc.; Les Compagnies Loblaw Limit\u00e9e; Empire Company Ltd.; et M\u00e9tro Inc<\/span><span class=\"NormalTextRun SCXW204550241 BCX0\">.<\/span><\/span><span class=\"EOP SCXW204550241 BCX0\" data-ccp-props=\"{&quot;201341983&quot;:0,&quot;335559740&quot;:240}\">\u00a0<\/span><\/p>\t\t\t\t\t\t\t\t<\/div>\n\t\t\t\t<\/div>\n\t\t\t\t\t<\/div>\n\t\t<\/div>\n\t\t\t\t\t<\/div>\n\t\t<\/section>\n\t\t\t\t<section class=\"elementor-section elementor-inner-section elementor-element elementor-element-e8c13bd elementor-section-boxed elementor-section-height-default elementor-section-height-default\" data-id=\"e8c13bd\" data-element_type=\"section\" data-e-type=\"section\" data-settings=\"{&quot;jet_parallax_layout_list&quot;:[]}\">\n\t\t\t\t\t\t<div class=\"elementor-container elementor-column-gap-default\">\n\t\t\t\t\t<div class=\"elementor-column elementor-col-50 elementor-inner-column elementor-element elementor-element-7ad8fb8\" data-id=\"7ad8fb8\" data-element_type=\"column\" data-e-type=\"column\">\n\t\t\t<div class=\"elementor-widget-wrap elementor-element-populated\">\n\t\t\t\t\t\t<div class=\"elementor-element elementor-element-76c9a9c elementor-widget elementor-widget-text-editor\" data-id=\"76c9a9c\" data-element_type=\"widget\" data-e-type=\"widget\" data-widget_type=\"text-editor.default\">\n\t\t\t\t<div class=\"elementor-widget-container\">\n\t\t\t\t\t\t\t\t\t<p><span class=\"TextRun SCXW99139650 BCX0\" lang=\"FR\" xml:lang=\"FR\" data-contrast=\"auto\"><span class=\"NormalTextRun SCXW99139650 BCX0\"><strong>Transport | Produits industriels (7 % des soci\u00e9t\u00e9s cibl\u00e9es) : <\/strong>Air Canada ; Compagnie des chemins de fer nationaux du Canada; et Chemin de fer Canadien Pacifique Lt\u00e9e.<\/span><\/span><span class=\"EOP SCXW99139650 BCX0\" data-ccp-props=\"{&quot;201341983&quot;:0,&quot;335559740&quot;:240}\">\u00a0<\/span><\/p>\t\t\t\t\t\t\t\t<\/div>\n\t\t\t\t<\/div>\n\t\t\t\t\t<\/div>\n\t\t<\/div>\n\t\t\t\t<div class=\"elementor-column elementor-col-50 elementor-inner-column elementor-element elementor-element-6efde8c\" data-id=\"6efde8c\" data-element_type=\"column\" data-e-type=\"column\">\n\t\t\t<div class=\"elementor-widget-wrap elementor-element-populated\">\n\t\t\t\t\t\t<div class=\"elementor-element elementor-element-a1a92f7 elementor-widget elementor-widget-text-editor\" data-id=\"a1a92f7\" data-element_type=\"widget\" data-e-type=\"widget\" data-widget_type=\"text-editor.default\">\n\t\t\t\t<div class=\"elementor-widget-container\">\n\t\t\t\t\t\t\t\t\t<p><span class=\"EOP SCXW183126088 BCX0\" data-ccp-props=\"{&quot;201341983&quot;:0,&quot;335559740&quot;:240}\"><strong>Autre | Produits industriels, mat\u00e9riaux et consommation discr\u00e9tionnaire (15 % des soci\u00e9t\u00e9s cibl\u00e9es) : <\/strong>GFL Environmental Inc. ; Connexions de d\u00e9chets Inc. ; M\u00e9thanex Corp.; Stelco Holdings Inc. ; West Fraser Timber Co Ltd.; et Magna International Inc.<\/span><\/p>\t\t\t\t\t\t\t\t<\/div>\n\t\t\t\t<\/div>\n\t\t\t\t\t<\/div>\n\t\t<\/div>\n\t\t\t\t\t<\/div>\n\t\t<\/section>\n\t\t\t\t<section class=\"elementor-section elementor-inner-section elementor-element elementor-element-c0c5986 elementor-section-boxed elementor-section-height-default elementor-section-height-default\" data-id=\"c0c5986\" data-element_type=\"section\" data-e-type=\"section\" data-settings=\"{&quot;jet_parallax_layout_list&quot;:[]}\">\n\t\t\t\t\t\t<div class=\"elementor-container elementor-column-gap-default\">\n\t\t\t\t\t<div class=\"elementor-column elementor-col-100 elementor-inner-column elementor-element elementor-element-1a23a68\" data-id=\"1a23a68\" data-element_type=\"column\" data-e-type=\"column\">\n\t\t\t<div class=\"elementor-widget-wrap elementor-element-populated\">\n\t\t\t\t\t\t<div class=\"elementor-element elementor-element-dceed40 elementor-widget-divider--view-line elementor-widget elementor-widget-divider\" data-id=\"dceed40\" data-element_type=\"widget\" data-e-type=\"widget\" data-widget_type=\"divider.default\">\n\t\t\t\t<div class=\"elementor-widget-container\">\n\t\t\t\t\t\t\t<div class=\"elementor-divider\">\n\t\t\t<span class=\"elementor-divider-separator\">\n\t\t\t\t\t\t<\/span>\n\t\t<\/div>\n\t\t\t\t\t\t<\/div>\n\t\t\t\t<\/div>\n\t\t\t\t<div class=\"elementor-element elementor-element-c3251e0 elementor-widget elementor-widget-spacer\" data-id=\"c3251e0\" data-element_type=\"widget\" data-e-type=\"widget\" data-widget_type=\"spacer.default\">\n\t\t\t\t<div class=\"elementor-widget-container\">\n\t\t\t\t\t\t\t<div class=\"elementor-spacer\">\n\t\t\t<div class=\"elementor-spacer-inner\"><\/div>\n\t\t<\/div>\n\t\t\t\t\t\t<\/div>\n\t\t\t\t<\/div>\n\t\t\t\t<div class=\"elementor-element elementor-element-6cdf1ae elementor-widget elementor-widget-text-editor\" data-id=\"6cdf1ae\" data-element_type=\"widget\" data-e-type=\"widget\" data-widget_type=\"text-editor.default\">\n\t\t\t\t<div class=\"elementor-widget-container\">\n\t\t\t\t\t\t\t\t\t<p><span data-ccp-props=\"{&quot;201341983&quot;:0,&quot;335559740&quot;:240}\">Avertissement : La Liste des priorit\u00e9s d\u2019ECC est destin\u00e9e \u00e0 des fins d\u2019information uniquement et ne constitue pas un conseil d\u2019investissement, juridique, fiscal ou autre, et ne doit pas \u00eatre utilis\u00e9e pour prendre une d\u00e9cision d\u2019investissement ou toute autre d\u00e9cision. Il est entendu qu\u2019aucune organisation ou entit\u00e9, y compris Engagement climatique Canada, ses organisations partenaires, les fournisseurs de donn\u00e9es ou les investisseurs signataires, ne fournit de conseils sur les questions et services juridiques, \u00e9conomiques, financiers ou professionnels. L\u2019inclusion d\u2019entreprises sur cette liste ne constitue en aucun cas une approbation de ces organisations par une partie quelconque. Ni Engagement climatique Canada ni aucune autre partie n\u2019est responsable de toute erreur ou omission, ou de toute d\u00e9cision prise ou action entreprise sur la base des informations contenues dans la liste des centres d\u2019int\u00e9r\u00eat d\u2019ECC, ou de toute perte ou dommage r\u00e9sultant de telles d\u00e9cisions ou actions ou caus\u00e9s par celles-ci. Toutes les informations contenues dans la Liste des priorit\u00e9s d\u2019ECC sont pr\u00e9sent\u00e9es \u00ab telles quelles \u00bb, sans garantie d\u2019exhaustivit\u00e9, d\u2019exactitude, d\u2019actualit\u00e9 ou des r\u00e9sultats obtenus par l\u2019utilisation de ces informations, et sans garantie d\u2019aucune sorte, explicite ou implicite, quant \u00e0 l\u2019exactitude, l\u2019\u00e9quit\u00e9 ou la suffisance des informations contenues dans la Liste des priorit\u00e9s d\u2019ECC. Aucune des informations contenues dans la Liste des priorit\u00e9s d\u2019ECC n\u2019a \u00e9t\u00e9 v\u00e9rifi\u00e9e de mani\u00e8re ind\u00e9pendante. Sauf en cas de fraude, aucune responsabilit\u00e9 n\u2019est accept\u00e9e pour les erreurs, omissions ou inexactitudes dans la Liste des priorit\u00e9s d\u2019ECC.<\/span><span data-ccp-props=\"{&quot;201341983&quot;:0,&quot;335559740&quot;:240}\">\u00a0<\/span><\/p>\t\t\t\t\t\t\t\t<\/div>\n\t\t\t\t<\/div>\n\t\t\t\t\t<\/div>\n\t\t<\/div>\n\t\t\t\t\t<\/div>\n\t\t<\/section>\n\t\t\t\t\t<\/div>\n\t\t<\/div>\n\t\t\t\t\t<\/div>\n\t\t<\/section>\n\t\t\t\t<section class=\"elementor-section elementor-top-section elementor-element elementor-element-ec5a9e5 elementor-section-boxed elementor-section-height-default elementor-section-height-default\" data-id=\"ec5a9e5\" data-element_type=\"section\" data-e-type=\"section\" data-settings=\"{&quot;background_background&quot;:&quot;classic&quot;,&quot;jet_parallax_layout_list&quot;:[]}\">\n\t\t\t\t\t\t<div class=\"elementor-container elementor-column-gap-default\">\n\t\t\t\t\t<div class=\"elementor-column elementor-col-50 elementor-top-column elementor-element elementor-element-e8914c8\" data-id=\"e8914c8\" data-element_type=\"column\" data-e-type=\"column\">\n\t\t\t<div class=\"elementor-widget-wrap elementor-element-populated\">\n\t\t\t\t\t\t<div class=\"elementor-element elementor-element-b414656 elementor-widget elementor-widget-heading\" data-id=\"b414656\" data-element_type=\"widget\" data-e-type=\"widget\" data-widget_type=\"heading.default\">\n\t\t\t\t<div class=\"elementor-widget-container\">\n\t\t\t\t\t<h2 class=\"elementor-heading-title elementor-size-default\">Int\u00e9ress\u00e9 \u00e0 vous joindre \u00e0 nous?<\/h2>\t\t\t\t<\/div>\n\t\t\t\t<\/div>\n\t\t\t\t\t<\/div>\n\t\t<\/div>\n\t\t\t\t<div class=\"elementor-column elementor-col-50 elementor-top-column elementor-element elementor-element-6ff5e46\" data-id=\"6ff5e46\" data-element_type=\"column\" data-e-type=\"column\">\n\t\t\t<div class=\"elementor-widget-wrap elementor-element-populated\">\n\t\t\t\t\t\t<div class=\"elementor-element elementor-element-64297d7 elementor-align-right elementor-mobile-align-center elementor-widget elementor-widget-button\" data-id=\"64297d7\" data-element_type=\"widget\" data-e-type=\"widget\" data-widget_type=\"button.default\">\n\t\t\t\t<div class=\"elementor-widget-container\">\n\t\t\t\t\t\t\t\t\t<div class=\"elementor-button-wrapper\">\n\t\t\t\t\t<a class=\"elementor-button elementor-button-link elementor-size-sm elementor-animation-float\" href=\"https:\/\/climateengagement.ca\/fr\/contacter\/\">\n\t\t\t\t\t\t<span class=\"elementor-button-content-wrapper\">\n\t\t\t\t\t\t<span class=\"elementor-button-icon\">\n\t\t\t\t<i aria-hidden=\"true\" class=\"fas fa-arrow-right\"><\/i>\t\t\t<\/span>\n\t\t\t\t\t\t\t\t\t<span class=\"elementor-button-text\">CONTACTEZ-NOUS<\/span>\n\t\t\t\t\t<\/span>\n\t\t\t\t\t<\/a>\n\t\t\t\t<\/div>\n\t\t\t\t\t\t\t\t<\/div>\n\t\t\t\t<\/div>\n\t\t\t\t\t<\/div>\n\t\t<\/div>\n\t\t\t\t\t<\/div>\n\t\t<\/section>\n\t\t\t\t<\/div>\n\t\t","protected":false},"excerpt":{"rendered":"<p>Liste des priorit\u00e9s des entreprises L\u2019ECC se concentre sur certaines soci\u00e9t\u00e9s cot\u00e9es \u00e0 la TSX qui sont strat\u00e9giquement engag\u00e9es dans l\u2019alignement des attentes en mati\u00e8re de gouvernance des risques climatiques, de divulgation et de transition vers une \u00e9conomie \u00e0 faibles \u00e9missions de carbone au Canada. Les soci\u00e9t\u00e9s de la liste des priorit\u00e9s des entreprises ont [&hellip;]<\/p>\n","protected":false},"author":2,"featured_media":0,"parent":0,"menu_order":0,"comment_status":"closed","ping_status":"closed","template":"","meta":{"inline_featured_image":false,"site-sidebar-layout":"no-sidebar","site-content-layout":"page-builder","ast-site-content-layout":"default","site-content-style":"default","site-sidebar-style":"default","ast-global-header-display":"","ast-banner-title-visibility":"","ast-main-header-display":"","ast-hfb-above-header-display":"","ast-hfb-below-header-display":"","ast-hfb-mobile-header-display":"","site-post-title":"disabled","ast-breadcrumbs-content":"","ast-featured-img":"disabled","footer-sml-layout":"","ast-disable-related-posts":"","theme-transparent-header-meta":"enabled","adv-header-id-meta":"","stick-header-meta":"","header-above-stick-meta":"","header-main-stick-meta":"","header-below-stick-meta":"","astra-migrate-meta-layouts":"default","ast-page-background-enabled":"default","ast-page-background-meta":{"desktop":{"background-color":"","background-image":"","background-repeat":"repeat","background-position":"center center","background-size":"auto","background-attachment":"scroll","background-type":"","background-media":"","overlay-type":"","overlay-color":"","overlay-opacity":"","overlay-gradient":""},"tablet":{"background-color":"","background-image":"","background-repeat":"repeat","background-position":"center center","background-size":"auto","background-attachment":"scroll","background-type":"","background-media":"","overlay-type":"","overlay-color":"","overlay-opacity":"","overlay-gradient":""},"mobile":{"background-color":"","background-image":"","background-repeat":"repeat","background-position":"center center","background-size":"auto","background-attachment":"scroll","background-type":"","background-media":"","overlay-type":"","overlay-color":"","overlay-opacity":"","overlay-gradient":""}},"ast-content-background-meta":{"desktop":{"background-color":"var(--ast-global-color-5)","background-image":"","background-repeat":"repeat","background-position":"center center","background-size":"auto","background-attachment":"scroll","background-type":"","background-media":"","overlay-type":"","overlay-color":"","overlay-opacity":"","overlay-gradient":""},"tablet":{"background-color":"var(--ast-global-color-5)","background-image":"","background-repeat":"repeat","background-position":"center center","background-size":"auto","background-attachment":"scroll","background-type":"","background-media":"","overlay-type":"","overlay-color":"","overlay-opacity":"","overlay-gradient":""},"mobile":{"background-color":"var(--ast-global-color-5)","background-image":"","background-repeat":"repeat","background-position":"center center","background-size":"auto","background-attachment":"scroll","background-type":"","background-media":"","overlay-type":"","overlay-color":"","overlay-opacity":"","overlay-gradient":""}},"footnotes":""},"class_list":["post-3267","page","type-page","status-publish","hentry"],"_links":{"self":[{"href":"https:\/\/climateengagement.ca\/fr\/wp-json\/wp\/v2\/pages\/3267","targetHints":{"allow":["GET"]}}],"collection":[{"href":"https:\/\/climateengagement.ca\/fr\/wp-json\/wp\/v2\/pages"}],"about":[{"href":"https:\/\/climateengagement.ca\/fr\/wp-json\/wp\/v2\/types\/page"}],"author":[{"embeddable":true,"href":"https:\/\/climateengagement.ca\/fr\/wp-json\/wp\/v2\/users\/2"}],"replies":[{"embeddable":true,"href":"https:\/\/climateengagement.ca\/fr\/wp-json\/wp\/v2\/comments?post=3267"}],"version-history":[{"count":0,"href":"https:\/\/climateengagement.ca\/fr\/wp-json\/wp\/v2\/pages\/3267\/revisions"}],"wp:attachment":[{"href":"https:\/\/climateengagement.ca\/fr\/wp-json\/wp\/v2\/media?parent=3267"}],"curies":[{"name":"wp","href":"https:\/\/api.w.org\/{rel}","templated":true}]}}